{"id":1568,"date":"2025-12-18T15:07:27","date_gmt":"2025-12-18T08:07:27","guid":{"rendered":"https:\/\/ldlvietnam.123websitedev.com\/?page_id=1568"},"modified":"2025-12-25T15:32:54","modified_gmt":"2025-12-25T08:32:54","slug":"dai-ly","status":"publish","type":"page","link":"https:\/\/ldlvietnam.123websitedev.com\/en\/dai-ly\/","title":{"rendered":"Agency Policy"},"content":{"rendered":"<div data-elementor-type=\"wp-page\" data-elementor-id=\"1568\" class=\"elementor elementor-1568\" data-elementor-post-type=\"page\">\n\t\t\t\t<div class=\"elementor-element elementor-element-9c15516 e-flex e-con-boxed e-con e-parent\" data-id=\"9c15516\" data-element_type=\"container\" data-settings='{\"background_background\":\"classic\"}'>\n\t\t\t\t\t<div class=\"e-con-inner\">\n\t\t\t\t<div class=\"elementor-element elementor-element-04da334 elementor-widget elementor-widget-shortcode\" data-id=\"04da334\" data-element_type=\"widget\" data-widget_type=\"shortcode.default\">\n\t\t\t\t\t\t\t<div class=\"elementor-shortcode\"><\/div>\n\t\t\t\t\t\t<\/div>\n\t\t\t\t\t<\/div>\n\t\t\t\t<\/div>\n\t\t<div class=\"elementor-element elementor-element-f691cc3 e-flex e-con-boxed e-con e-parent\" data-id=\"f691cc3\" data-element_type=\"container\">\n\t\t\t\t\t<div class=\"e-con-inner\">\n\t\t\t\t<div class=\"elementor-element elementor-element-434336d elementor-widget elementor-widget-text-editor\" data-id=\"434336d\" data-element_type=\"widget\" data-widget_type=\"text-editor.default\">\n\t\t\t\t\t\t\t\t\t<p>Updating\u2026<\/p>\n\t\t\t\t\t\t\t\t<\/div>\n\t\t\t\t\t<\/div>\n\t\t\t\t<\/div>\n\t\t\t\t<\/div>","protected":false},"excerpt":{"rendered":"<p>Updating\u2026<\/p>","protected":false},"author":1,"featured_media":0,"parent":0,"menu_order":0,"comment_status":"closed","ping_status":"closed","template":"elementor_header_footer","meta":{"_acf_changed":false,"footnotes":""},"class_list":["post-1568","page","type-page","status-publish","hentry"],"blocksy_meta":[],"acf":[],"yoast_head":"<!-- This site is optimized with the Yoast SEO Premium plugin v24.8 (Yoast SEO v24.8) - https:\/\/yoast.com\/wordpress\/plugins\/seo\/ -->\n<title>LDL Vi\u1ec7t Nam &#187; Ch\u00ednh s\u00e1ch \u0111\u1ea1i l\u00fd<\/title>\n<meta name=\"robots\" content=\"noindex, follow, max-snippet:-1, max-image-preview:large, max-video-preview:-1\" \/>\n<meta property=\"og:locale\" content=\"en_US\" \/>\n<meta property=\"og:type\" content=\"article\" \/>\n<meta property=\"og:title\" content=\"Ch\u00ednh s\u00e1ch \u0111\u1ea1i l\u00fd\" \/>\n<meta property=\"og:description\" content=\"&#272;ang c&#7853;p nh&#7853;t&#8230;\" \/>\n<meta property=\"og:url\" content=\"https:\/\/ldlvietnam.123websitedev.com\/en\/dai-ly\/\" \/>\n<meta property=\"og:site_name\" content=\"LDL Vi\u1ec7t Nam\" \/>\n<meta property=\"article:modified_time\" content=\"2025-12-25T08:32:54+00:00\" \/>\n<meta name=\"twitter:card\" content=\"summary_large_image\" \/>\n<meta name=\"twitter:label1\" content=\"Est. reading time\" \/>\n\t<meta name=\"twitter:data1\" content=\"1 minute\" \/>\n<script type=\"application\/ld+json\" class=\"yoast-schema-graph\">{\"@context\":\"https:\/\/schema.org\",\"@graph\":[{\"@type\":\"WebPage\",\"@id\":\"https:\/\/ldlvietnam.123websitedev.com\/dai-ly\/\",\"url\":\"https:\/\/ldlvietnam.123websitedev.com\/dai-ly\/\",\"name\":\"LDL Vi\u1ec7t Nam &#187; Ch\u00ednh s\u00e1ch \u0111\u1ea1i l\u00fd\",\"isPartOf\":{\"@id\":\"https:\/\/ldlvietnam.123websitedev.com\/#website\"},\"datePublished\":\"2025-12-18T08:07:27+00:00\",\"dateModified\":\"2025-12-25T08:32:54+00:00\",\"breadcrumb\":{\"@id\":\"https:\/\/ldlvietnam.123websitedev.com\/dai-ly\/#breadcrumb\"},\"inLanguage\":\"en-US\",\"potentialAction\":[{\"@type\":\"ReadAction\",\"target\":[\"https:\/\/ldlvietnam.123websitedev.com\/dai-ly\/\"]}]},{\"@type\":\"BreadcrumbList\",\"@id\":\"https:\/\/ldlvietnam.123websitedev.com\/dai-ly\/#breadcrumb\",\"itemListElement\":[{\"@type\":\"ListItem\",\"position\":1,\"name\":\"Home\",\"item\":\"https:\/\/ldlvietnam.123websitedev.com\/\"},{\"@type\":\"ListItem\",\"position\":2,\"name\":\"Ch\u00ednh s\u00e1ch \u0111\u1ea1i l\u00fd\"}]},{\"@type\":\"WebSite\",\"@id\":\"https:\/\/ldlvietnam.123websitedev.com\/#website\",\"url\":\"https:\/\/ldlvietnam.123websitedev.com\/\",\"name\":\"LDL Vi\u1ec7t Nam\",\"description\":\"\",\"publisher\":{\"@id\":\"https:\/\/ldlvietnam.123websitedev.com\/#organization\"},\"potentialAction\":[{\"@type\":\"SearchAction\",\"target\":{\"@type\":\"EntryPoint\",\"urlTemplate\":\"https:\/\/ldlvietnam.123websitedev.com\/?s={search_term_string}\"},\"query-input\":{\"@type\":\"PropertyValueSpecification\",\"valueRequired\":true,\"valueName\":\"search_term_string\"}}],\"inLanguage\":\"en-US\"},{\"@type\":\"Organization\",\"@id\":\"https:\/\/ldlvietnam.123websitedev.com\/#organization\",\"name\":\"LDL Vi\u1ec7t Nam\",\"url\":\"https:\/\/ldlvietnam.123websitedev.com\/\",\"logo\":{\"@type\":\"ImageObject\",\"inLanguage\":\"en-US\",\"@id\":\"https:\/\/ldlvietnam.123websitedev.com\/#\/schema\/logo\/image\/\",\"url\":\"https:\/\/ldlvietnam.123websitedev.com\/wp-content\/uploads\/2025\/12\/logo-ldl-2.png\",\"contentUrl\":\"https:\/\/ldlvietnam.123websitedev.com\/wp-content\/uploads\/2025\/12\/logo-ldl-2.png\",\"width\":841,\"height\":595,\"caption\":\"LDL Vi\u1ec7t Nam\"},\"image\":{\"@id\":\"https:\/\/ldlvietnam.123websitedev.com\/#\/schema\/logo\/image\/\"}}]}<\/script>\n<!-- \/ Yoast SEO Premium plugin. -->","yoast_head_json":{"title":"LDL Vi\u1ec7t Nam &#187; Ch\u00ednh s\u00e1ch \u0111\u1ea1i l\u00fd","robots":{"index":"noindex","follow":"follow","max-snippet":"max-snippet:-1","max-image-preview":"max-image-preview:large","max-video-preview":"max-video-preview:-1"},"og_locale":"en_US","og_type":"article","og_title":"Ch\u00ednh s\u00e1ch \u0111\u1ea1i l\u00fd","og_description":"&#272;ang c&#7853;p nh&#7853;t&#8230;","og_url":"https:\/\/ldlvietnam.123websitedev.com\/en\/dai-ly\/","og_site_name":"LDL Vi\u1ec7t Nam","article_modified_time":"2025-12-25T08:32:54+00:00","twitter_card":"summary_large_image","twitter_misc":{"Est. reading time":"1 minute"},"schema":{"@context":"https:\/\/schema.org","@graph":[{"@type":"WebPage","@id":"https:\/\/ldlvietnam.123websitedev.com\/dai-ly\/","url":"https:\/\/ldlvietnam.123websitedev.com\/dai-ly\/","name":"LDL Vi\u1ec7t Nam &#187; Ch\u00ednh s\u00e1ch \u0111\u1ea1i l\u00fd","isPartOf":{"@id":"https:\/\/ldlvietnam.123websitedev.com\/#website"},"datePublished":"2025-12-18T08:07:27+00:00","dateModified":"2025-12-25T08:32:54+00:00","breadcrumb":{"@id":"https:\/\/ldlvietnam.123websitedev.com\/dai-ly\/#breadcrumb"},"inLanguage":"en-US","potentialAction":[{"@type":"ReadAction","target":["https:\/\/ldlvietnam.123websitedev.com\/dai-ly\/"]}]},{"@type":"BreadcrumbList","@id":"https:\/\/ldlvietnam.123websitedev.com\/dai-ly\/#breadcrumb","itemListElement":[{"@type":"ListItem","position":1,"name":"Home","item":"https:\/\/ldlvietnam.123websitedev.com\/"},{"@type":"ListItem","position":2,"name":"Ch\u00ednh s\u00e1ch \u0111\u1ea1i l\u00fd"}]},{"@type":"WebSite","@id":"https:\/\/ldlvietnam.123websitedev.com\/#website","url":"https:\/\/ldlvietnam.123websitedev.com\/","name":"LDL Vi\u1ec7t Nam","description":"","publisher":{"@id":"https:\/\/ldlvietnam.123websitedev.com\/#organization"},"potentialAction":[{"@type":"SearchAction","target":{"@type":"EntryPoint","urlTemplate":"https:\/\/ldlvietnam.123websitedev.com\/?s={search_term_string}"},"query-input":{"@type":"PropertyValueSpecification","valueRequired":true,"valueName":"search_term_string"}}],"inLanguage":"en-US"},{"@type":"Organization","@id":"https:\/\/ldlvietnam.123websitedev.com\/#organization","name":"LDL Vi\u1ec7t Nam","url":"https:\/\/ldlvietnam.123websitedev.com\/","logo":{"@type":"ImageObject","inLanguage":"en-US","@id":"https:\/\/ldlvietnam.123websitedev.com\/#\/schema\/logo\/image\/","url":"https:\/\/ldlvietnam.123websitedev.com\/wp-content\/uploads\/2025\/12\/logo-ldl-2.png","contentUrl":"https:\/\/ldlvietnam.123websitedev.com\/wp-content\/uploads\/2025\/12\/logo-ldl-2.png","width":841,"height":595,"caption":"LDL Vi\u1ec7t Nam"},"image":{"@id":"https:\/\/ldlvietnam.123websitedev.com\/#\/schema\/logo\/image\/"}}]}},"_links":{"self":[{"href":"https:\/\/ldlvietnam.123websitedev.com\/en\/wp-json\/wp\/v2\/pages\/1568","targetHints":{"allow":["GET"]}}],"collection":[{"href":"https:\/\/ldlvietnam.123websitedev.com\/en\/wp-json\/wp\/v2\/pages"}],"about":[{"href":"https:\/\/ldlvietnam.123websitedev.com\/en\/wp-json\/wp\/v2\/types\/page"}],"author":[{"embeddable":true,"href":"https:\/\/ldlvietnam.123websitedev.com\/en\/wp-json\/wp\/v2\/users\/1"}],"replies":[{"embeddable":true,"href":"https:\/\/ldlvietnam.123websitedev.com\/en\/wp-json\/wp\/v2\/comments?post=1568"}],"version-history":[{"count":0,"href":"https:\/\/ldlvietnam.123websitedev.com\/en\/wp-json\/wp\/v2\/pages\/1568\/revisions"}],"wp:attachment":[{"href":"https:\/\/ldlvietnam.123websitedev.com\/en\/wp-json\/wp\/v2\/media?parent=1568"}],"curies":[{"name":"wp","href":"https:\/\/api.w.org\/{rel}","templated":true}]}}